{"id":8033,"date":"2016-03-30T10:32:39","date_gmt":"2016-03-30T10:32:39","guid":{"rendered":"http:\/\/belgradevolleycup.rs\/home-2-2-2\/"},"modified":"2019-09-10T12:20:56","modified_gmt":"2019-09-10T10:20:56","slug":"home-2-2-2","status":"publish","type":"page","link":"https:\/\/belgradevolleycup.rs\/en\/","title":{"rendered":"Home"},"content":{"rendered":"<p>[vc_row id=&#8221;nz-about-tournament&#8221; padding_top=&#8221;70&#8243; padding_bottom=&#8221;&#8221;][vc_column]<div class=\"ninzio-title-wrap element-animate element-animate-false nz-clearfix\" data-effect=\"none\"><h3 class=\"nz-title\" style=\"color:#333333;\">ABOUT TOURNAMENT<span class=\"left-hor\" style=\"background-color:#e0e0e0;\"><\/span><span class=\"left-ver\" style=\"background-color:#e0e0e0;\"><\/span><span class=\"right-hor\" style=\"background-color:#e0e0e0;\"><\/span><span class=\"right-ver\" style=\"background-color:#e0e0e0;\"><\/span><\/h3><\/div>[\/vc_column][\/vc_row][vc_row padding_top=&#8221;&#8221;][vc_column width=&#8221;1\/2&#8243;]<div class=\"nz-accordion \" data-collapsible=false><div class=\"false with-icon toggle-title nz-clearfix\"><span class=\"ico-icon icon-info4\"><\/span><span class=\"toggle-icon\"><\/span>PARTICIPANTS<\/div> <div id=\"participants\" class=\"toggle-content nz-clearfix\">Categories for girls and boys:<\/p>\n<p>U13 (2006-07 and younger)<\/p>\n<p>U14 (2005-06 and younger)<\/p>\n<p>U16 (2003-04 and younger)<\/p>\n<p>U18 (born in 2001-02 and younger)<\/div><div class=\"false with-icon toggle-title nz-clearfix\"><span class=\"ico-icon icon-info4\"><\/span><span class=\"toggle-icon\"><\/span>REGISTRATION DEADLINE<\/div> <div id=\"registration-deadline\" class=\"toggle-content nz-clearfix\">01th June 2019. Registration will be considered valid after payment of the registration fee. The deadline for the registration fee is 10 days from the registration.<\/div><div class=\"false with-icon toggle-title nz-clearfix\"><span class=\"ico-icon icon-info4\"><\/span><span class=\"toggle-icon\"><\/span>PRICE<\/div> <div id=\"price\" class=\"toggle-content nz-clearfix\"><span class=\"nz-highlight\" style=\"background-color:#006DB8;\">Participation fee for one team is 100 euros.<br \/>\n<\/span><\/div><div class=\"false with-icon toggle-title nz-clearfix\"><span class=\"ico-icon icon-info4\"><\/span><span class=\"toggle-icon\"><\/span>HOW TO PAY<\/div> <div id=\"how-to-pay\" class=\"toggle-content nz-clearfix\">Instructions if paying from abroad dowload\u00a0<a href=\"http:\/\/www.kampradnicki.rs\/wp-content\/uploads\/2018\/04\/Instrukcije-za-priliv-iz-inostranstva.pdf\">here<\/a>.<\/div><\/div> [\/vc_column][vc_column width=&#8221;1\/2&#8243;][vc_single_image image=&#8221;8214&#8243; img_size=&#8221;full&#8221;][\/vc_column][\/vc_row][vc_row id=&#8221;nz-smene&#8221; background_color=&#8221;#f7f9fa&#8221; padding_top=&#8221;100&#8243; padding_bottom=&#8221;&#8221; el_class=&#8221;custom-carousel hide&#8221;][vc_column]<div id=\"nz-carousel-1\" class=\"lazy nz-carousel animate-none\" data-autoplay=\"false\" data-columns=\"3\" data-animate=\"false\"><div class=\"item nz-clearfix\"><a href=\"https:\/\/belgradevolleycup.rs\/prijava\/\"><img decoding=\"async\" loading=\"lazy\" class=\"aligncenter wp-image-8011 size-Lifefitness-Ninzio-Square\" src=\"http:\/\/belgradevolleycup.rs\/wp-content\/uploads\/2019\/01\/foto-2.png\" alt=\"\" width=\"440\" height=\"350\" \/><\/a><br \/>\n<div class='gap nz-clearfix' style='height:40px'>&nbsp;<\/div>\n<h3 style=\"text-align: center;\"><span class=\"fontstyle0\">U\u010desnici<\/span><\/h3>\n<div class=\"sep-wrap element-animate element-animate-false center nz-clearfix\" data-effect=\"none\"><div class=\"nz-separator solid\" style=\"border-bottom-color:#38b7e1;width:30px;border-bottom-width:2px;border-bottom-style:solid;margin-top:10px;margin-bottom:10px;\">&nbsp;<\/div><\/div>\n<p style=\"text-align: center;\"><span class=\"fontstyle0\">Na turniru se mogu prijaviti mu\u0161ke i \u017eenske ekipe u slede\u0107im kategorijama:<br \/>\nI &#8211; 2006-07 i mla\u0111e<br \/>\nII &#8211; 2005-06 i mla\u0111e<br \/>\nIII &#8211; 2003-04 i mla\u0111e<br \/>\nIV \u2013 2001-2002 i mla\u0111e<br \/>\n<\/span><\/p>\n<div class='gap nz-clearfix' style='height:15px'>&nbsp;<\/div>\n<p style=\"text-align: center;\"><a class=\"button button-normal none blue full-false medium round animate-false anim-type-ghost hover-fill custom-blue-button element-animate-false\" href=\"http:\/\/belgradevolleycup.rs\/prijava\/\" target=\"_self\" data-effect=\"none\"><span class=\"txt\">Prijavi se<\/span><\/a><div class='gap nz-clearfix' style='height:25px'>&nbsp;<\/div>\n<p><\/div><div class=\"item nz-clearfix\"><a href=\"https:\/\/belgradevolleycup.rs\/prijava\/\"><img decoding=\"async\" loading=\"lazy\" class=\"aligncenter wp-image-8006 size-Lifefitness-Ninzio-Square\" src=\"http:\/\/belgradevolleycup.rs\/wp-content\/uploads\/2018\/04\/media-2.jpg\" alt=\"\" width=\"440\" height=\"400\" \/><\/a><br \/>\n<div class='gap nz-clearfix' style='height:40px'>&nbsp;<\/div>\n<h3 style=\"text-align: center;\"><span class=\"fontstyle0\">Program<\/span><\/h3>\n<div class=\"sep-wrap element-animate element-animate-false center nz-clearfix\" data-effect=\"none\"><div class=\"nz-separator solid\" style=\"border-bottom-color:#f3c12e;width:30px;border-bottom-width:2px;border-bottom-style:solid;margin-top:10px;margin-bottom:10px;\">&nbsp;<\/div><\/div>\n<p style=\"text-align: center;\"><span class=\"fontstyle0\">27. 06. 2019. Dolazak ekipa<br \/>\n28. 06. 2019. Takmi\u010denje po grupama<br \/>\n29. 06. 2019. Takmi\u010denje po grupama<br \/>\n30. jun 2019. Finale i dodela medalja i pehara.<\/span><\/p>\n<p>Utakmice \u0107e se u zavisnosti od uzrasta odigrati na slede\u0107im lokacijama u Beogradu: Hala Sportova \u201eRanko \u017deravica\u201c, Hala \u201eSD Radni\u010dki\u201c, Sportski centar \u201eVra\u010dar\u201c, Sportski centar \u201eBanjica\u201c, Sportski centar \u201eMaster\u201c.<\/p>\n<div class='gap nz-clearfix' style='height:15px'>&nbsp;<\/div>\n<p style=\"text-align: center;\"><a class=\"button button-normal none yellow full-false medium round animate-false anim-type-ghost hover-fill custom-blue-button element-animate-false\" href=\"http:\/\/belgradevolleycup.rs\/prijava\/\" target=\"_self\" data-effect=\"none\"><span class=\"txt\">Prijavi se<\/span><\/a><div class='gap nz-clearfix' style='height:25px'>&nbsp;<\/div>\n<p><\/div><div class=\"item nz-clearfix\"><a href=\"http:\/\/www.okradnicki.rs\/\" target=\"_blank\" rel=\"noopener\"><img decoding=\"async\" loading=\"lazy\" class=\"aligncenter wp-image-7973 size-Lifefitness-Ninzio-Square\" src=\"http:\/\/belgradevolleycup.rs\/wp-content\/uploads\/2018\/04\/OKRadnickiBG-treca-foto-440x350.jpg\" alt=\"\" width=\"440\" height=\"350\" \/><\/a><br \/>\n<div class='gap nz-clearfix' style='height:40px'>&nbsp;<\/div>\n<h3 style=\"text-align: center;\"><span class=\"fontstyle0\">OK \u201eRADNI\u010cKI BEOGRAD\u201c<\/span><\/h3>\n<div class=\"sep-wrap element-animate element-animate-false center nz-clearfix\" data-effect=\"none\"><div class=\"nz-separator solid\" style=\"border-bottom-color:#fd644a;width:30px;border-bottom-width:2px;border-bottom-style:solid;margin-top:10px;margin-bottom:10px;\">&nbsp;<\/div><\/div>\n<p style=\"text-align: center;\"><span class=\"fontstyle0\">www.okradnicki.rs<\/span><\/p>\n<p>&nbsp;<\/p>\n<div class='gap nz-clearfix' style='height:29px'>&nbsp;<\/div>\n<p style=\"text-align: center;\"><a class=\"button button-normal none pink full-false medium round animate-false anim-type-ghost hover-fill custom-blue-button element-animate-false\" href=\"http:\/\/okradnicki.rs\/\" target=\"_self\" data-effect=\"none\"><span class=\"txt\">Saznajte vi\u0161e<\/span><\/a><div class='gap nz-clearfix' style='height:25px'>&nbsp;<\/div>\n<p><\/div><\/div>[\/vc_column][\/vc_row][vc_row id=&#8221;nz-o-kampu&#8221; background_color=&#8221;#f7f9fa&#8221; padding_top=&#8221;60&#8243; padding_bottom=&#8221;30&#8243; el_class=&#8221;hide&#8221;][vc_column margin_b=&#8221;false&#8221;]<div class=\"ninzio-title-wrap element-animate element-animate-false nz-clearfix\" data-effect=\"none\"><h3 class=\"nz-title\" style=\"color:#333333;\">O KAMPU<span class=\"left-hor\" style=\"background-color:#e0e0e0;\"><\/span><span class=\"left-ver\" style=\"background-color:#e0e0e0;\"><\/span><span class=\"right-hor\" style=\"background-color:#e0e0e0;\"><\/span><span class=\"right-ver\" style=\"background-color:#e0e0e0;\"><\/span><\/h3><\/div>[vc_column_text pl=&#8221;200&#8243; pr=&#8221;200&#8243; el_class=&#8221;custom-mobile-padding&#8221;]<\/p>\n<p style=\"text-align: center; font-size: 16px; line-height: 26px;\">Kamp dugogodisnjeg kapitena reprezentacije Srbije Jelene Nikoli\u0107 i Odbojka\u0161kog kluba \u201eRadni\u010dki Beograd\u201c predstavlja spoj tradicije, znanja, iskustva i ljubavi prema odbojci. \u017delja nam je da promovi\u0161emo odbojku, zdrave \u017eivotne navike, ali i na\u0161 klub koji je jedan od najstarijih i najtrofejnijih odbojka\u0161kih klubova u Srbiji. Na\u0161i treneri i promoteri su priznati odbojka\u0161ki stru\u010dnjaci u Srbiji i inostranstvu. Svako dete na kampu treba da usvoji nova znanja, do\u017eivi nezabravno iskustvo i da sa kampa da ponese najlep\u0161e uspomene. Kamp \u0107e se odr\u017eati u dve smene u Vrnja\u010dkoj Banji. Prva smena je od 02-08. jula, a druga od 08-14. jula. U\u010desnici kampa su devoj\u010dice i de\u010daci iz Srbije i inostranstva od 8 \u2013 18. godina.<\/p>\n<p>[\/vc_column_text][\/vc_column][\/vc_row][vc_row id=&#8221;nz-program&#8221; autoheight=&#8221;true&#8221; background_color=&#8221;#272e35&#8243; padding_top=&#8221;125&#8243; padding_bottom=&#8221;100&#8243;][vc_column offset=&#8221;vc_col-lg-7 vc_col-md-12 vc_col-xs-12&#8243;][vc_single_image image=&#8221;8181&#8243; img_size=&#8221;full&#8221; alignment=&#8221;center&#8221;][\/vc_column][vc_column valign=&#8221;middle&#8221; animate=&#8221;true&#8221; offset=&#8221;vc_col-lg-5 vc_col-md-12 vc_col-xs-12&#8243;][vc_custom_heading text=&#8221;PROGRAM&#8221; font_container=&#8221;tag:h2|font_size:52px|text_align:left|color:%23ffffff|line_height:62px&#8221; use_theme_fonts=&#8221;yes&#8221;]<div class='gap nz-clearfix' style='height:25px'>&nbsp;<\/div>[vc_column_text]<\/p>\n<ul style=\"color: #ffffff; font-size: 16px; line-height: 26px; text-align: left;\">\n<li style=\"list-style-type: none;\">\n<ul style=\"color: #ffffff; font-size: 16px; line-height: 26px; text-align: left;\">\n<li>27. 06. 2019. Arrival<\/li>\n<li>28. 06. 2019. Competition<\/li>\n<li>29. 06. 2019. Competition<\/li>\n<li>30. 06. 2019. Final and closing ceremony<\/li>\n<\/ul>\n<\/li>\n<\/ul>\n<p style=\"color: #ffffff; font-size: 16px; line-height: 26px; text-align: left;\">The matches will be play dependent of the categories in: Hall of sports \u201eRanko \u017deravica\u201c, Hall \u201eSD Radni\u010dki\u201c, Sports center \u201cVra\u010dar\u201d, Sports center \u201cBanjica\u201d, Sports center \u201cMaster\u201d.<\/p>\n<p>[\/vc_column_text][\/vc_column][\/vc_row][vc_row id=&#8221;nz-accomodation&#8221; padding_top=&#8221;70&#8243; padding_bottom=&#8221;&#8221;][vc_column]<div class=\"ninzio-title-wrap element-animate element-animate-false nz-clearfix\" data-effect=\"none\"><h3 class=\"nz-title\" style=\"color:#333333;\">ACCOMMODATIONS<span class=\"left-hor\" style=\"background-color:#e0e0e0;\"><\/span><span class=\"left-ver\" style=\"background-color:#e0e0e0;\"><\/span><span class=\"right-hor\" style=\"background-color:#e0e0e0;\"><\/span><span class=\"right-ver\" style=\"background-color:#e0e0e0;\"><\/span><\/h3><\/div>[vc_column_text]<\/p>\n<p style=\"text-align: center;\">There are two types of stay: from 27 to 30 Jun (3 days, half board) or from 28 to 30 Jun (2 days, half board).<strong> You can choose accommodation and reserve it when you apply for tournament.<\/strong> The accommodations are mainly located in the center of Belgrade. You can see the list of price and location of the suggested hotel or hostel on the link below:<\/p>\n<p>[\/vc_column_text][\/vc_column][\/vc_row][vc_row padding_top=&#8221;&#8221;][vc_column width=&#8221;1\/2&#8243;]<div class=\"nz-accordion \" data-collapsible=false><div class=\"active toggle-title nz-clearfix\"><span class=\"toggle-icon\"><\/span>HOTEL<\/div> <div id=\"hotel\" class=\"toggle-content nz-clearfix\"><div class=\"nz-row\"><div class=\"col col12 col-animate-false\"><div class=\"col-inner\">\n<ul class=\"nz-i-list circle\">\n<li><div><span class=\"icon icon-checkmark\" style=\"color:#2dc9b9;box-shadow:inset 0 0 0 2px #2dc9b9;\"><\/span><\/div><div><a href=\"https:\/\/www.slavijahotel.com\/sr\/\" target=\"_blank\" rel=\"noopener\">Hotel Slavija<\/a> (27e per day)<\/div><\/li>\n<li><div><span class=\"icon icon-checkmark\" style=\"color:#2dc9b9;box-shadow:inset 0 0 0 2px #2dc9b9;\"><\/span><\/div><div><a href=\"https:\/\/www.slavijahotelbeograd.com\/\" target=\"_blank\" rel=\"noopener\">Slavija Garni Lux<\/a> (30e per day)<\/div><\/li>\n<li><div><span class=\"icon icon-checkmark\" style=\"color:#2dc9b9;box-shadow:inset 0 0 0 2px #2dc9b9;\"><\/span><\/div><div><a href=\"http:\/\/www.prestigehotel.rs\/\" target=\"_blank\" rel=\"noopener\">Hotel Prestige<\/a> (30e per day)<\/div><\/li>\n<li><div><span class=\"icon icon-checkmark\" style=\"color:#2dc9b9;box-shadow:inset 0 0 0 2px #2dc9b9;\"><\/span><\/div><div><a href=\"http:\/\/hotelprime.rs\/\" target=\"_blank\" rel=\"noopener\">Hotel Prime<\/a> (30e per day)<\/div><\/li>\n<\/ul>\n<\/div><\/div><div class=\"col col6 col-animate-false\"><div class=\"col-inner\"><\/p>\n<p><\/div><\/div><\/div><div class='gap nz-clearfix' style='height:25px'>&nbsp;<\/div><\/div><\/div> [\/vc_column][vc_column width=&#8221;1\/2&#8243;]<div class=\"nz-accordion \" data-collapsible=false><div class=\"active toggle-title nz-clearfix\"><span class=\"toggle-icon\"><\/span>HOSTEL<\/div> <div id=\"hostel\" class=\"toggle-content nz-clearfix\">*The participants who choose the hostel will have lunch in the restaurant \u201eRibilova\u010dka pri\u010da\u201c, (Location: Petrogradska, 18, Belgrade).<br \/>\n<div class='gap nz-clearfix' style='height:25px'>&nbsp;<\/div><div class=\"nz-row\"><div class=\"col col12 col-animate-false\"><div class=\"col-inner\">\n<ul class=\"nz-i-list circle\">\n<li><div><span class=\"icon icon-checkmark\" style=\"color:#2dc9b9;box-shadow:inset 0 0 0 2px #2dc9b9;\"><\/span><\/div><div><a href=\"http:\/\/newhostelbelgrade.com\/\" target=\"_blank\" rel=\"noopener\">New Hostel<\/a> (18e per day)<\/div><\/li>\n<li><div><span class=\"icon icon-checkmark\" style=\"color:#2dc9b9;box-shadow:inset 0 0 0 2px #2dc9b9;\"><\/span><\/div><div><a href=\"http:\/\/www.hosteljellostone.com\/\" target=\"_blank\" rel=\"noopener\">Jellostone<\/a> (18e per day)<\/div><\/li>\n<li><div><span class=\"icon icon-checkmark\" style=\"color:#2dc9b9;box-shadow:inset 0 0 0 2px #2dc9b9;\"><\/span><\/div><div><a href=\"http:\/\/www.sun-hostel.com\/\" target=\"_blank\" rel=\"noopener\">Hostel Sun<\/a> (18e per day)<\/div><\/li>\n<\/ul>\n<\/div><\/div><div class=\"col col6 col-animate-false\"><div class=\"col-inner\"><br \/>\n<\/div><\/div><\/div><\/div><\/div> [\/vc_column][\/vc_row][vc_row id=&#8221;nz-application&#8221; background_color=&#8221;#272e35&#8243; background_image=&#8221;8196&#8243; padding_top=&#8221;125&#8243; padding_bottom=&#8221;100&#8243; parallax=&#8221;true&#8221;][vc_column text_align=&#8221;center&#8221; animate=&#8221;true&#8221;][vc_custom_heading text=&#8221;Do you want to sign up?&#8221; font_container=&#8221;tag:h2|font_size:52px|text_align:center|color:%23ffffff|line_height:62px&#8221; use_theme_fonts=&#8221;yes&#8221;]<div class='gap nz-clearfix' style='height:25px'>&nbsp;<\/div><a class=\"button button-normal none orange full-false medium round animate-false anim-type-ghost hover-fill custom-button-color-2 element-animate-false\" href=\"http:\/\/belgradevolleycup.rs\/prijava\/\" target=\"_self\" data-effect=\"none\"><span class=\"txt\">SIGN UP<\/span><\/a>[\/vc_column][\/vc_row][vc_row id=&#8221;nz-reci&#8221; padding_top=&#8221;100&#8243; padding_bottom=&#8221;75&#8243; el_class=&#8221;hide&#8221;][vc_column margin_b=&#8221;false&#8221; text_align=&#8221;center&#8221;]<div class=\"ninzio-title-wrap element-animate element-animate-false nz-clearfix\" data-effect=\"none\"><h3 class=\"nz-title\" style=\"color:#333333;\">RE\u010c KOORDINATORA<span class=\"left-hor\" style=\"background-color:#e0e0e0;\"><\/span><span class=\"left-ver\" style=\"background-color:#e0e0e0;\"><\/span><span class=\"right-hor\" style=\"background-color:#e0e0e0;\"><\/span><span class=\"right-ver\" style=\"background-color:#e0e0e0;\"><\/span><\/h3><\/div><div class='gap nz-clearfix' style='height:50px'>&nbsp;<\/div><div id=\"nz-testimonials-1\" data-bullets=\"true\" data-arrows=\"true\" data-autoplay=\"false\" data-columns=\"2\" class=\"none nz-testimonials lazy\"><div class=\"testimonial\"><div class=\"test-wrap nz-clearfix\"><div class=\"text\">Duga tradicija jednog od najve\u0107ih i najtrofejnijih klubova u zemlji odbojke krunisana je pokretanjem na\u0161eg odbojka\u0161kog kampa. Znanje, iskustvo\ni ljubav prema odbojci \u017eelimo da prenesemo u\u010desnicima kampa, a sve navedeno da dopunimo boravkom u prirodi, letnjim aktivnostima i\ndobrom zabavom. Sigurni smo da \u0107ete u\u017eivati.\n<\/div><\/div><img src=\"https:\/\/belgradevolleycup.rs\/wp-content\/uploads\/2018\/04\/Goran-Tadi\u01071.jpg\" alt=\"Goran Tadi\u0107\"><div class=\"test-data\"><span class=\"name\" style=\"color:#3db5d8;\">Goran Tadi\u0107<\/span><span class=\"title\">KOORDINATOR KAMPA<\/span><\/div><\/div><div class=\"testimonial\"><div class=\"test-wrap nz-clearfix\"><div class=\"text\">Cilj kampa predstavlja usvajanje novih odbojka\u0161kih znanja i usavr\u0161avanje postoje\u0107ih. Jednako bitan cilj na kome intezivno radimo je i u\u010dvr\u0161\u0107ivanje ljubavi deteta prema sportu, dru\u017eenju i zdravim \u017eivotnim navikama. U jednom od najpoznatijih turisti\u010dkih destinacija u Srbiji, uz savremenu sportsku infrastrukturu, deca \u0107e odbojka\u0161ke aktivnosti dopuniti i znanjima o Srbiji, dobrom zabavom i letnjim aktivnostima u hotelskom akva parku<\/div><\/div><div class=\"test-data\"><span class=\"name\" style=\"color:#f2c12e;\">Nikola Biberovi\u0107<\/span><span class=\"title\">STRU\u010cNI KOORDINATOR<\/span><\/div><\/div><\/div>[\/vc_column][\/vc_row][vc_row id=&#8221;nz-contact&#8221; background_color=&#8221;#f3f3f3&#8243; padding_top=&#8221;100&#8243; padding_bottom=&#8221;&#8221; el_class=&#8221;custom-content-box&#8221;][vc_column extra_class=&#8221;custom-column-padding&#8221; pr=&#8221;30&#8243; offset=&#8221;vc_col-lg-8 vc_col-md-12 vc_col-xs-12&#8243;][vc_custom_heading text=&#8221;Contact us!&#8221; font_container=&#8221;tag:h2|font_size:32px|text_align:left|color:%23333333|line_height:42px&#8221; use_theme_fonts=&#8221;yes&#8221;]<div class='gap nz-clearfix' style='height:25px'>&nbsp;<\/div>[vc_column_text]If you have any questions, don\u2019t hesitate to contact us.[\/vc_column_text]<div class='gap nz-clearfix' style='height:25px'>&nbsp;<\/div>\n<div class=\"wpcf7 no-js\" id=\"wpcf7-f8043-o1\" lang=\"sr-RS\" dir=\"ltr\">\n<div class=\"screen-reader-response\"><p role=\"status\" aria-live=\"polite\" aria-atomic=\"true\"><\/p> <ul><\/ul><\/div>\n<form action=\"\/en\/wp-json\/wp\/v2\/pages\/8033#wpcf7-f8043-o1\" method=\"post\" class=\"wpcf7-form init\" aria-label=\"Contact form\" novalidate=\"novalidate\" data-status=\"init\">\n<div style=\"display: none;\">\n<input type=\"hidden\" name=\"_wpcf7\" value=\"8043\" \/>\n<input type=\"hidden\" name=\"_wpcf7_version\" value=\"5.7.7\" \/>\n<input type=\"hidden\" name=\"_wpcf7_locale\" value=\"sr_RS\" \/>\n<input type=\"hidden\" name=\"_wpcf7_unit_tag\" value=\"wpcf7-f8043-o1\" \/>\n<input type=\"hidden\" name=\"_wpcf7_container_post\" value=\"0\" \/>\n<input type=\"hidden\" name=\"_wpcf7_posted_data_hash\" value=\"\" \/>\n<\/div>\n<p><label> Your name (required)<br \/>\n<span class=\"wpcf7-form-control-wrap\" data-name=\"your-name\"><input size=\"40\" class=\"wpcf7-form-control wpcf7-text wpcf7-validates-as-required\" aria-required=\"true\" aria-invalid=\"false\" value=\"\" type=\"text\" name=\"your-name\" \/><\/span> <\/label>\n<\/p>\n<p><label> Your e-mail (required)<br \/>\n<span class=\"wpcf7-form-control-wrap\" data-name=\"your-email\"><input size=\"40\" class=\"wpcf7-form-control wpcf7-text wpcf7-email wpcf7-validates-as-required wpcf7-validates-as-email\" aria-required=\"true\" aria-invalid=\"false\" value=\"\" type=\"email\" name=\"your-email\" \/><\/span> <\/label>\n<\/p>\n<p><label> Question<br \/>\n<span class=\"wpcf7-form-control-wrap\" data-name=\"your-subject\"><input size=\"40\" class=\"wpcf7-form-control wpcf7-text\" aria-invalid=\"false\" value=\"\" type=\"text\" name=\"your-subject\" \/><\/span> <\/label>\n<\/p>\n<p><label> Message<br \/>\n<span class=\"wpcf7-form-control-wrap\" data-name=\"your-message\"><textarea cols=\"40\" rows=\"10\" class=\"wpcf7-form-control wpcf7-textarea\" aria-invalid=\"false\" name=\"your-message\"><\/textarea><\/span> <\/label>\n<\/p>\n<p><input class=\"wpcf7-form-control has-spinner wpcf7-submit\" type=\"submit\" value=\"Send\" \/>\n<\/p><div class=\"wpcf7-response-output\" aria-hidden=\"true\"><\/div>\n<\/form>\n<\/div>\n[\/vc_column][vc_column pl=&#8221;30&#8243; pr=&#8221;30&#8243; pt=&#8221;50&#8243; back_color=&#8221;#fafafa&#8221; border_color=&#8221;#e0e0e0&#8243; offset=&#8221;vc_col-lg-4 vc_col-md-12 vc_col-xs-12&#8243;]<div class=\"nz-content-box nz-clearfix left animate-none\" data-columns=\"1\" data-animate=\"false\"><div id=\"nz-box-1\" class=\"  bord_active nz-box element-animate\"><div class=\"nz-box-wrap\"><style>#nz-box-1 .box-icon {color:#999999;}#nz-box-1 .box-icon-wrap {box-shadow:inset 0 0 0 1px #e0e0e0;}<\/style><div class=\"box-icon-wrap\"><div class=\"box-icon icon-phone2\"><\/div><\/div><div class=\"box-data\"><h3 class=\"box-title\">Phone<\/h3><a href=\"tel:+381603870199\">+381603870199<\/a><\/div><\/div><\/div><div id=\"nz-box-2\" class=\"  bord_active nz-box element-animate\"><div class=\"nz-box-wrap\"><style>#nz-box-2 .box-icon {color:#999999;}#nz-box-2 .box-icon-wrap {box-shadow:inset 0 0 0 1px #e0e0e0;}<\/style><div class=\"box-icon-wrap\"><div class=\"box-icon icon-phone2\"><\/div><\/div><div class=\"box-data\"><h3 class=\"box-title\">Phone<\/h3><a href=\"tel:+381-64-266-5557\">+381 642665557<\/a><\/div><\/div><\/div><\/div><div class=\"sep-wrap element-animate element-animate-false left nz-clearfix\" data-effect=\"none\"><div class=\"nz-separator solid\" style=\"border-bottom-color:#eeeeee;width:100%;border-bottom-style:solid;margin-bottom:40px;\">&nbsp;<\/div><\/div><div class=\"nz-content-box nz-clearfix left animate-none\" data-columns=\"1\" data-animate=\"false\"><div id=\"nz-box-3\" class=\"  bord_active nz-box element-animate\"><div class=\"nz-box-wrap\"><style>#nz-box-3 .box-icon {color:#999999;}#nz-box-3 .box-icon-wrap {box-shadow:inset 0 0 0 1px #e0e0e0;}<\/style><div class=\"box-icon-wrap\"><div class=\"box-icon icon-paperplane2\"><\/div><\/div><div class=\"box-data\"><h3 class=\"box-title\">Email<\/h3><a href=\"mailto:volleyballcamp@okradnicki.rs\">volleyballcamp@okradnicki.rs<\/a><\/div><\/div><\/div><\/div><div class=\"sep-wrap element-animate element-animate-false left nz-clearfix\" data-effect=\"none\"><div class=\"nz-separator solid\" style=\"border-bottom-color:#eeeeee;width:100%;border-bottom-style:solid;margin-bottom:40px;\">&nbsp;<\/div><\/div>[\/vc_column][\/vc_row][vc_row id=&#8221;nz-prijava&#8221; background_color=&#8221;#272e35&#8243; background_image=&#8221;7966&#8243; padding_top=&#8221;30&#8243; padding_bottom=&#8221;30&#8243;][vc_column text_align=&#8221;center&#8221; animate=&#8221;true&#8221;][vc_custom_heading text=&#8221; Jelena Nikolic volleyball camp (powerd by OK Radnicki)&#8221; font_container=&#8221;tag:h2|font_size:52px|text_align:center|color:%23ffffff|line_height:62px&#8221; use_theme_fonts=&#8221;yes&#8221;]<div class='gap nz-clearfix' style='height:25px'>&nbsp;<\/div><a class=\"button button-normal none orange full-false medium round animate-false anim-type-ghost hover-fill custom-button-color-2 element-animate-false\" href=\"http:\/\/www.kampradnicki.rs\/en\" target=\"_blank\" data-effect=\"none\"><span class=\"txt\">READ MORE<\/span><\/a>[\/vc_column][\/vc_row]<\/p>\n","protected":false},"excerpt":{"rendered":"<p>Claritas est etiam processus dynamicus, qui sequitur mutationem consuetudium lectorum. Mirum est notare quam littera gothica, quam nunc putamus parum claram, anteposuerit litterarum formas humanitatis per seacula quarta decima et quinta decima. Eodem modo typi, qui nunc nobis videntur parum clari, fiant sollemnes in futurum.<\/p>\n","protected":false},"author":1,"featured_media":0,"parent":0,"menu_order":0,"comment_status":"closed","ping_status":"closed","template":"page-vc.php","meta":[],"_links":{"self":[{"href":"https:\/\/belgradevolleycup.rs\/en\/wp-json\/wp\/v2\/pages\/8033"}],"collection":[{"href":"https:\/\/belgradevolleycup.rs\/en\/wp-json\/wp\/v2\/pages"}],"about":[{"href":"https:\/\/belgradevolleycup.rs\/en\/wp-json\/wp\/v2\/types\/page"}],"author":[{"embeddable":true,"href":"https:\/\/belgradevolleycup.rs\/en\/wp-json\/wp\/v2\/users\/1"}],"replies":[{"embeddable":true,"href":"https:\/\/belgradevolleycup.rs\/en\/wp-json\/wp\/v2\/comments?post=8033"}],"version-history":[{"count":31,"href":"https:\/\/belgradevolleycup.rs\/en\/wp-json\/wp\/v2\/pages\/8033\/revisions"}],"predecessor-version":[{"id":8216,"href":"https:\/\/belgradevolleycup.rs\/en\/wp-json\/wp\/v2\/pages\/8033\/revisions\/8216"}],"wp:attachment":[{"href":"https:\/\/belgradevolleycup.rs\/en\/wp-json\/wp\/v2\/media?parent=8033"}],"curies":[{"name":"wp","href":"https:\/\/api.w.org\/{rel}","templated":true}]}}